{"id":435,"date":"2021-11-07T14:58:59","date_gmt":"2021-11-07T12:58:59","guid":{"rendered":"https:\/\/www.linderodstra.se\/?page_id=435"},"modified":"2025-09-25T09:01:32","modified_gmt":"2025-09-25T08:01:32","slug":"linderods-traindustri-ab","status":"publish","type":"page","link":"https:\/\/linderodstra.se\/","title":{"rendered":""},"content":{"rendered":"\n<div class=\"wp-block-cover is-light\"><span aria-hidden=\"true\" class=\"wp-block-cover__background has-background-dim-100 has-background-dim\" style=\"background-color:#ef7a0b\"><\/span><div class=\"wp-block-cover__inner-container is-layout-flow wp-block-cover-is-layout-flow\">\n<h1 class=\"wp-block-heading\">Linder\u00f6ds Tr\u00e4industri AB<\/h1>\n\n\n\n<blockquote class=\"wp-block-quote is-style-large is-layout-flow wp-block-quote-is-layout-flow\">\n<p>Vi \u00e4r en av 170 samverkande j\u00e4rn- och bygghandlare som tillsammans kallar sig f\u00f6r BOLIST. Samtidigt \u00e4r vi den lokala byggshopen i Linder\u00f6d med omnejd. H\u00e4r l\u00e4ser du fr\u00e4mst om oss, best\u00e4ller pellets eller skickar oss ett meddelande. Produkter, erbjudanden och annat hittar du p\u00e5 Bolist-hemsidan. Se l\u00e4nkar under rubriken Handla\/Bolist l\u00e4ngre ner p\u00e5 sidan. Du hittar f\u00f6rresten ocks\u00e5 l\u00e4nkar till n\u00e5gra av v\u00e5ra leverant\u00f6rer.<\/p>\n<\/blockquote>\n<\/div><\/div>\n\n\n\n<div style=\"height:100px\" aria-hidden=\"true\" class=\"wp-block-spacer\"><\/div>\n\n\n\n<div class=\"wp-block-columns has-neve-text-color-color has-text-color has-background is-layout-flex wp-container-core-columns-is-layout-9d6595d7 wp-block-columns-is-layout-flex\" style=\"background-color:#efefef\">\n<div class=\"wp-block-column is-vertically-aligned-center is-layout-flow wp-block-column-is-layout-flow\" style=\"flex-basis:25%\">\n<figure class=\"wp-block-image size-full\"><img loading=\"lazy\" decoding=\"async\" width=\"356\" height=\"356\" src=\"https:\/\/linderodstra.se\/wp-content\/uploads\/2024\/09\/1419446_10.jpg\" alt=\"\" class=\"wp-image-487\" srcset=\"https:\/\/linderodstra.se\/wp-content\/uploads\/2024\/09\/1419446_10.jpg 356w, https:\/\/linderodstra.se\/wp-content\/uploads\/2024\/09\/1419446_10-300x300.jpg 300w, https:\/\/linderodstra.se\/wp-content\/uploads\/2024\/09\/1419446_10-150x150.jpg 150w\" sizes=\"auto, (max-width: 356px) 100vw, 356px\" \/><\/figure>\n<\/div>\n\n\n\n<div class=\"wp-block-column is-layout-flow wp-block-column-is-layout-flow\" style=\"flex-basis:50%\">\n<h3 class=\"wp-block-heading has-text-align-center\" id=\"pellets\"><a href=\"#pellets\">Pelletsbest\u00e4llning<\/a><\/h3>\n\n\n\n<h5 class=\"wp-block-heading has-text-align-center\">H\u00e4r kan du best\u00e4lla pellets fr\u00e5n Linder\u00f6ds Tr\u00e4industri AB<\/h5>\n\n\n\n<h6 class=\"wp-block-heading has-text-align-center\">Kvalitetspellets i s\u00e4ck fr\u00e5n Vida &#8211; 8mm, 832kg\/pall<\/h6>\n\n\n\n<p class=\"has-text-align-center\"><strong>H\u00e4mtpris Linder\u00f6d 3690:-\/pall<\/strong><\/p>\n\n\n\n<p class=\"has-text-align-center\"><strong>2-3 pallar 3990:-\/pall<\/strong><br><strong>4 pallar eller fler 3890:-\/pall<\/strong><br>Fritt levererat inom 30 km fr\u00e5n Linder\u00f6d.<\/p>\n\n\n\n<p class=\"has-text-align-center\"><strong><br>Vi reserverar oss f\u00f6r pl\u00f6tsliga pris\u00e4ndringar.<\/strong><br><\/p>\n\n\n<div class=\"qcf-main qcf-style pellets\"><div id=\"rounded\"><div class=\"qcf-state qcf-ajax-loading qcf-style pellets\"><h2 class=\"validating\">Checking...<\/h2><\/div><div class=\"qcf-state qcf-ajax-error qcf-style pellets\"><div align=\"center\">Ouch! There was a server error.<br \/><a class=\"qcf-retry\">Retry &raquo;<\/a><\/div><\/div><div class=\"qcf-state qcf-sending qcf-style pellets\"><h2 class=\"sending\">Sending message...<\/h2><\/div><div class='qcf-state qcf-form-wrapper'>\r\t\r\t\r\t<form class='qcf-form' action=\"\" method=\"POST\" enctype=\"multipart\/form-data\" id=\"qfc-form-pellets-1\">\r\t<input type='hidden' name='id' value='pellets' \/>\r\t<input type=\"text\" id=\"qcf-form-field-id-pellets-1\" placeholder=\"Namn\" class=\"qcf-form-field\" name=\"qcfname1\" value=\"\">\r\t<input type=\"email\" id=\"qcf-form-field-id-pellets-2\" placeholder=\"Epostadress\" class=\"qcf-form-field\" name=\"qcfname2\" value=\"\">\r\t<input type=\"text\" id=\"qcf-form-field-id-pellets-3\" placeholder=\"Telefon\" class=\"qcf-form-field\" name=\"qcfname3\" value=\"\">\r\t<input type=\"text\" id=\"qcf-form-field-id-pellets-8\" placeholder=\"Adress\" class=\"qcf-form-field\" name=\"qcfname8\" value=\"\">\r\t<input type=\"text\" id=\"qcf-form-field-id-pellets-9\" placeholder=\"Postnummer, postort\" class=\"qcf-form-field\" name=\"qcfname9\" value=\"\">\r\t<select name=\"qcfname5\" class=\"required\"><option value=\"Antal pallar\">Antal pallar<\/option>\r\t<option value=\"1 pall\">1 pall<\/option>\r\t<option value=\"2 pallar\">2 pallar<\/option>\r\t<option value=\"3 pallar\">3 pallar<\/option>\r\t<option value=\"4 pallar\">4 pallar<\/option>\r\t<option value=\"5 pallar\">5 pallar<\/option>\r\t<option value=\"6 pallar\">6 pallar<\/option>\r\t<option value=\"7 pallar\">7 pallar<\/option>\r\t<\/select>\r\t<textarea id=\"qcf-form-field-id-pellets-4\" placeholder=\"\u00d6vrigt\" class=\"qcf-form-field\" name=\"qcfname4\"><\/textarea>\r\t<p><input type=\"submit\" value=\"Skicka best\u00e4llning\" id=\"submit\" name=\"qcfsubmitpellets\" \/><\/p><input type=\"hidden\" name=\"form_id\" value=\"69f2824cd66832\" \/><\/form><\/div>\r\t<div style=\"clear:both\"><\/div><\/div>\r\t<\/div>\r\t\n<\/div>\n\n\n\n<div class=\"wp-block-column is-vertically-aligned-center is-layout-flow wp-block-column-is-layout-flow\" style=\"flex-basis:25%\">\n<figure class=\"wp-block-image size-full\"><img loading=\"lazy\" decoding=\"async\" width=\"356\" height=\"356\" src=\"https:\/\/linderodstra.se\/wp-content\/uploads\/2024\/09\/1419446_10.jpg\" alt=\"\" class=\"wp-image-487\" srcset=\"https:\/\/linderodstra.se\/wp-content\/uploads\/2024\/09\/1419446_10.jpg 356w, https:\/\/linderodstra.se\/wp-content\/uploads\/2024\/09\/1419446_10-300x300.jpg 300w, https:\/\/linderodstra.se\/wp-content\/uploads\/2024\/09\/1419446_10-150x150.jpg 150w\" sizes=\"auto, (max-width: 356px) 100vw, 356px\" \/><\/figure>\n<\/div>\n<\/div>\n\n\n\n<div style=\"height:100px\" aria-hidden=\"true\" class=\"wp-block-spacer\"><\/div>\n\n\n\n<div class=\"wp-block-columns has-background is-layout-flex wp-container-core-columns-is-layout-9d6595d7 wp-block-columns-is-layout-flex\" style=\"background-color:#efefef\">\n<div class=\"wp-block-column is-layout-flow wp-block-column-is-layout-flow\">\n<h3 class=\"wp-block-heading has-text-align-center\" id=\"services\"><a href=\"#services\">Handla\/Bolist<\/a><\/h3>\n<\/div>\n<\/div>\n\n\n\n<div class=\"wp-block-columns has-background is-layout-flex wp-container-core-columns-is-layout-9d6595d7 wp-block-columns-is-layout-flex\" style=\"background-color:#efefef\">\n<div class=\"wp-block-column is-layout-flow wp-block-column-is-layout-flow\">\n<h4 class=\"wp-block-heading has-text-align-center\"><a href=\"https:\/\/www.bolist.se\" target=\"_blank\" rel=\"noreferrer noopener\">Handla<\/a><\/h4>\n\n\n\n<p>G\u00e5 till BOLIST hemsida genom att klicka p\u00e5 rubriken Handla eller loggan l\u00e4ngst upp till v\u00e4nster. Se vilka produkter vi erbjuder tillsammans. Och en massa annan bra information.<\/p>\n<\/div>\n\n\n\n<div class=\"wp-block-column is-layout-flow wp-block-column-is-layout-flow\">\n<h4 class=\"wp-block-heading has-text-align-center\"><a href=\"http:\/\/bolist.se\/butiker\/linderods-traindustri\/\" target=\"_blank\" rel=\"noreferrer noopener\">V\u00e5r sida<\/a><\/h4>\n\n\n\n<p>G\u00e5 till v\u00e5r butikshemsida p\u00e5 BOLIST. D\u00e4r hittar du <strong>s\u00e4rskilda erbjudanden<\/strong>, \u00f6ppettider, kontaktuppgifter, v\u00e4gbeskrivning med mera. Klicka p\u00e5 rubriken V\u00e5r sida.<\/p>\n<\/div>\n\n\n\n<div class=\"wp-block-column is-layout-flow wp-block-column-is-layout-flow\">\n<h4 class=\"wp-block-heading has-text-align-center\"><a href=\"https:\/\/bolist.se\/gor-det-sjalv\/\" data-type=\"URL\" target=\"_blank\" rel=\"noreferrer noopener\">Hemmafixare<\/a><\/h4>\n\n\n\n<p>P\u00e5 BOLIST hittar du ocks\u00e5 Hemmafixarbibeln med tips och instruktioner.<\/p>\n<\/div>\n<\/div>\n\n\n\n<div style=\"height:100px\" aria-hidden=\"true\" class=\"wp-block-spacer\"><\/div>\n\n\n\n<div class=\"wp-block-columns has-background is-layout-flex wp-container-core-columns-is-layout-9d6595d7 wp-block-columns-is-layout-flex\" style=\"background-color:#efefef\">\n<div class=\"wp-block-column is-layout-flow wp-block-column-is-layout-flow\">\n<h3 class=\"wp-block-heading has-text-align-center\" id=\"leverantorer\"><a href=\"#leverantorer\">Leverant\u00f6rer<\/a><\/h3>\n\n\n\n<h4 class=\"wp-block-heading has-text-align-center\">Ett urval av v\u00e5ra leverant\u00f6rer<\/h4>\n\n\n\n<p><\/p>\n<\/div>\n<\/div>\n\n\n\n<div class=\"wp-block-columns has-background is-layout-flex wp-container-core-columns-is-layout-9d6595d7 wp-block-columns-is-layout-flex\" style=\"background-color:#efefef\">\n<div class=\"wp-block-column is-layout-flow wp-block-column-is-layout-flow\"><div class=\"browser-shot alignnone\"><a href=\"http:\/\/www.hafa.se\"  target=\"_blank\"><img loading=\"lazy\" decoding=\"async\" src=\"https:\/\/s0.wp.com\/mshots\/v1\/http%3A%2F%2Fwww.hafa.se?w=226&#038;h=168\" alt=\"Hafa\" width=\"226\" height=\"168\" class=\"alignnone\" \/><\/a><\/div>\n\n\n\n<p>Hafa<\/p>\n\n\n<div class=\"browser-shot alignnone\"><a href=\"http:\/\/www.gelia.se\"  target=\"_blank\"><img loading=\"lazy\" decoding=\"async\" src=\"https:\/\/s0.wp.com\/mshots\/v1\/http%3A%2F%2Fwww.gelia.se?w=226&#038;h=168\" alt=\"Gelia\" width=\"226\" height=\"168\" class=\"alignnone\" \/><\/a><\/div>\n\n\n\n<p>Gelia<\/p>\n\n\n<div class=\"browser-shot alignnone\"><a href=\"https:\/\/se.ryobitools.eu\/\"  target=\"_blank\"><img loading=\"lazy\" decoding=\"async\" src=\"https:\/\/s0.wp.com\/mshots\/v1\/https%3A%2F%2Fse.ryobitools.eu%2F?w=226&#038;h=168\" alt=\"Ryobi\" width=\"226\" height=\"168\" class=\"alignnone\" \/><\/a><\/div>\n\n\n\n<p>Ryobi<\/p>\n\n\n<div class=\"browser-shot alignnone\"><a href=\"https:\/\/www.finja.se\/\"  target=\"_blank\"><img loading=\"lazy\" decoding=\"async\" src=\"https:\/\/s0.wp.com\/mshots\/v1\/https%3A%2F%2Fwww.finja.se%2F?w=226&#038;h=168\" alt=\"Finja betong\" width=\"226\" height=\"168\" class=\"alignnone\" \/><\/a><\/div>\n\n\n\n<p>Finja<\/p>\n<\/div>\n\n\n\n<div class=\"wp-block-column is-layout-flow wp-block-column-is-layout-flow\"><div class=\"browser-shot alignnone\"><a href=\"http:\/\/www.jabo.se\/se\/start\/\"  target=\"_blank\"><img loading=\"lazy\" decoding=\"async\" src=\"https:\/\/s0.wp.com\/mshots\/v1\/http%3A%2F%2Fwww.jabo.se%2Fse%2Fstart%2F?w=226&#038;h=168\" alt=\"Jabo\" width=\"226\" height=\"168\" class=\"alignnone\" \/><\/a><\/div>\n\n\n\n<p>Jabo<\/p>\n\n\n<div class=\"browser-shot alignnone\"><a href=\"http:\/\/www.elitfonster.se\"  target=\"_blank\"><img loading=\"lazy\" decoding=\"async\" src=\"https:\/\/s0.wp.com\/mshots\/v1\/http%3A%2F%2Fwww.elitfonster.se?w=226&#038;h=168\" alt=\"Elitf\u00f6nster\" width=\"226\" height=\"168\" class=\"alignnone\" \/><\/a><\/div>\n\n\n\n<p>Elitf\u00f6nster<\/p>\n\n\n<div class=\"browser-shot alignnone\"><a href=\"http:\/\/www.diplomatdorrar.se\/\"  target=\"_blank\"><img loading=\"lazy\" decoding=\"async\" src=\"https:\/\/s0.wp.com\/mshots\/v1\/http%3A%2F%2Fwww.diplomatdorrar.se%2F?w=226&#038;h=168\" alt=\"Diplomatd\u00f6rrar\" width=\"226\" height=\"168\" class=\"alignnone\" \/><\/a><\/div>\n\n\n\n<p>Diplomatd\u00f6rrar<\/p>\n\n\n<div class=\"browser-shot alignnone\"><a href=\"http:\/\/www.benders.se\"  target=\"_blank\"><img loading=\"lazy\" decoding=\"async\" src=\"https:\/\/s0.wp.com\/mshots\/v1\/http%3A%2F%2Fwww.benders.se?w=226&#038;h=168\" alt=\"Benders\" width=\"226\" height=\"168\" class=\"alignnone\" \/><\/a><\/div>\n\n\n\n<p>Benders<\/p>\n<\/div>\n\n\n\n<div class=\"wp-block-column is-layout-flow wp-block-column-is-layout-flow\"><div class=\"browser-shot alignnone\"><a href=\"http:\/\/www.teknos.se\"  target=\"_blank\"><img loading=\"lazy\" decoding=\"async\" src=\"https:\/\/s0.wp.com\/mshots\/v1\/http%3A%2F%2Fwww.teknos.se?w=226&#038;h=168\" alt=\"Teknos\" width=\"226\" height=\"168\" class=\"alignnone\" \/><\/a><\/div>\n\n\n\n<p>Teknos<\/p>\n\n\n<div class=\"browser-shot alignnone\"><a href=\"https:\/\/essve.com\/sv\/\"  target=\"_blank\"><img loading=\"lazy\" decoding=\"async\" src=\"https:\/\/s0.wp.com\/mshots\/v1\/https%3A%2F%2Fessve.com%2Fsv%2F?w=226&#038;h=168\" alt=\"Essve\" width=\"226\" height=\"168\" class=\"alignnone\" \/><\/a><\/div>\n\n\n\n<p>Essve<\/p>\n\n\n<div class=\"browser-shot alignnone\"><a href=\"https:\/\/www.outline.se\/\"  target=\"_blank\"><img loading=\"lazy\" decoding=\"async\" src=\"https:\/\/s0.wp.com\/mshots\/v1\/https%3A%2F%2Fwww.outline.se%2F?w=226&#038;h=168\" alt=\"Outline\" width=\"226\" height=\"168\" class=\"alignnone\" \/><\/a><\/div>\n\n\n\n<p>Outline<\/p>\n\n\n<div class=\"browser-shot alignnone\"><a href=\"https:\/\/www.moelven.com\/se\/\"  target=\"_blank\"><img loading=\"lazy\" decoding=\"async\" src=\"https:\/\/s0.wp.com\/mshots\/v1\/https%3A%2F%2Fwww.moelven.com%2Fse%2F?w=226&#038;h=168\" alt=\"Moelven\" width=\"226\" height=\"168\" class=\"alignnone\" \/><\/a><\/div>\n\n\n\n<p>Moelven<\/p>\n<\/div>\n<\/div>\n\n\n\n<div style=\"height:100px\" aria-hidden=\"true\" class=\"wp-block-spacer\"><\/div>\n\n\n\n<div class=\"wp-block-columns has-background is-layout-flex wp-container-core-columns-is-layout-9d6595d7 wp-block-columns-is-layout-flex\" style=\"background-color:#efefef\">\n<div class=\"wp-block-column is-layout-flow wp-block-column-is-layout-flow\" style=\"flex-basis:25%\"><\/div>\n\n\n\n<div class=\"wp-block-column is-layout-flow wp-block-column-is-layout-flow\" style=\"flex-basis:50%\">\n<h3 class=\"wp-block-heading has-text-align-center\" id=\"contact\"><a href=\"#contact\">Kontakt<\/a><\/h3>\n\n\n\n<h4 class=\"wp-block-heading has-text-align-center\">Skicka g\u00e4rna ett meddelande till oss, s\u00e5 tar vi kontakt med dig s\u00e5 fort vi kan.<\/h4>\n\n\n<div class=\"qcf-main qcf-style kontakt\"><div id=\"none\"><div class=\"qcf-state qcf-ajax-loading qcf-style kontakt\"><h2 class=\"validating\">Checking...<\/h2><\/div><div class=\"qcf-state qcf-ajax-error qcf-style kontakt\"><div align=\"center\">Ouch! There was a server error.<br \/><a class=\"qcf-retry\">Retry &raquo;<\/a><\/div><\/div><div class=\"qcf-state qcf-sending qcf-style kontakt\"><h2 class=\"sending\">Sending message...<\/h2><\/div><div class='qcf-state qcf-form-wrapper'>\r\t<h2 class=\"qcf-header\">Kontakta oss<\/h2>\r\t<p class=\"qcf-blurb\">Fyll i formul\u00e4ret s\u00e5 kontaktar vi dig<\/p>\r\t<form class='qcf-form' action=\"\" method=\"POST\" enctype=\"multipart\/form-data\" id=\"qfc-form-kontakt-3\">\r\t<input type='hidden' name='id' value='kontakt' \/>\r\t<input type=\"text\" id=\"qcf-form-field-id-kontakt-1\" placeholder=\"Ditt namn\" class=\"qcf-form-field\" name=\"qcfname1\" value=\"\">\r\t<input type=\"email\" id=\"qcf-form-field-id-kontakt-2\" placeholder=\"Epost\" class=\"qcf-form-field\" name=\"qcfname2\" value=\"\">\r\t<textarea id=\"qcf-form-field-id-kontakt-4\" placeholder=\"Meddelande\" class=\"qcf-form-field\" name=\"qcfname4\"><\/textarea>\r\t<p><input type=\"submit\" value=\"Skicka\" id=\"submit\" name=\"qcfsubmitkontakt\" \/><\/p><input type=\"hidden\" name=\"form_id\" value=\"69f2824cd6bd84\" \/><\/form><\/div>\r\t<div style=\"clear:both\"><\/div><\/div>\r\t<\/div>\r\t\n<\/div>\n\n\n\n<div class=\"wp-block-column is-layout-flow wp-block-column-is-layout-flow\" style=\"flex-basis:25%\"><\/div>\n<\/div>\n\n\n\n<div style=\"height:100px\" aria-hidden=\"true\" class=\"wp-block-spacer\"><\/div>\n\n\n\n<div class=\"wp-block-columns is-layout-flex wp-container-core-columns-is-layout-9d6595d7 wp-block-columns-is-layout-flex\">\n<div class=\"wp-block-column has-background is-layout-flow wp-block-column-is-layout-flow\" style=\"background-color:#efefef\">\n<h3 class=\"wp-block-heading has-text-align-center\" id=\"about-us\"><br><a href=\"#about-us\">Om oss<\/a><\/h3>\n\n\n\n<figure class=\"wp-block-pullquote has-small-font-size\"><blockquote><p><strong>Linder\u00f6ds Tr\u00e4industri AB<\/strong> \u00e4r ett familjef\u00f6retag som startades av Sture Fondell p\u00e5 50-talet.<br>Verksamheten b\u00f6rjade med s\u00e5gverksr\u00f6relse, men 1978 ink\u00f6ptes en byggshop p\u00e5 orten.<br>1979 byggdes en ny byggshop vid s\u00e5gverket.<br>S\u00f6nerna tog \u00f6ver 1982 och bildade d\u00e5 aktiebolag.<br><br>I byggshopen s\u00e4ljer vi alla slags byggmaterial, f\u00e4rger och j\u00e4rn&amp;tr\u00e4varor. Dessutom har vi 300 m\u00b2 aff\u00e4rsyta f\u00f6r diverse varor.<br><br>Vi \u00e4ger sj\u00e4lv fastigheten och f\u00f6rfogar \u00f6ver 30 000 m\u00b2 mark, varav 3 000 m\u00b2 under tak.<br>Vi finns p\u00e5 toppen i Sk\u00e5ne, mellan Kristianstad (30 km) och Malm\u00f6 (70 km).<br><br>\u00c4gare \u00e4r Rune, Joakim och Sven Fondell samt som medarbetare Rikard Fondell, Peter Andersson <br>och Henric Johnsson.<\/p><\/blockquote><\/figure>\n\n\n<div class=\"wp-block-image\">\n<figure class=\"aligncenter size-full\"><img loading=\"lazy\" decoding=\"async\" width=\"2560\" height=\"1916\" src=\"https:\/\/linderodstra.se\/wp-content\/uploads\/2024\/05\/IMG_20240515_130713_HDR-scaled.jpg\" alt=\"Vi p\u00e5 Linder\u00f6ds Tr\u00e4\" class=\"wp-image-475\" srcset=\"https:\/\/linderodstra.se\/wp-content\/uploads\/2024\/05\/IMG_20240515_130713_HDR-scaled.jpg 2560w, https:\/\/linderodstra.se\/wp-content\/uploads\/2024\/05\/IMG_20240515_130713_HDR-300x224.jpg 300w, https:\/\/linderodstra.se\/wp-content\/uploads\/2024\/05\/IMG_20240515_130713_HDR-1024x766.jpg 1024w, https:\/\/linderodstra.se\/wp-content\/uploads\/2024\/05\/IMG_20240515_130713_HDR-768x575.jpg 768w, https:\/\/linderodstra.se\/wp-content\/uploads\/2024\/05\/IMG_20240515_130713_HDR-1536x1149.jpg 1536w, https:\/\/linderodstra.se\/wp-content\/uploads\/2024\/05\/IMG_20240515_130713_HDR-2048x1532.jpg 2048w\" sizes=\"auto, (max-width: 2560px) 100vw, 2560px\" \/><\/figure>\n<\/div><\/div>\n<\/div>\n","protected":false},"excerpt":{"rendered":"<p>Pelletsbest\u00e4llning H\u00e4r kan du best\u00e4lla pellets fr\u00e5n Linder\u00f6ds Tr\u00e4industri AB Kvalitetspellets i s\u00e4ck fr\u00e5n Vida &#8211; 8mm, 832kg\/pall H\u00e4mtpris Linder\u00f6d 3690:-\/pall 2-3 pallar 3990:-\/pall4 pallar eller fler 3890:-\/pallFritt levererat inom 30 km fr\u00e5n Linder\u00f6d. Vi reserverar oss f\u00f6r pl\u00f6tsliga pris\u00e4ndringar. Handla\/Bolist Handla G\u00e5 till BOLIST hemsida genom att klicka p\u00e5 rubriken Handla eller loggan l\u00e4ngst&hellip;&nbsp;<a href=\"https:\/\/linderodstra.se\/\" rel=\"bookmark\">L\u00e4s mer &raquo;<span class=\"screen-reader-text\"><\/span><\/a><\/p>\n","protected":false},"author":1,"featured_media":0,"parent":0,"menu_order":0,"comment_status":"closed","ping_status":"closed","template":"","meta":{"neve_meta_sidebar":"default","neve_meta_container":"","neve_meta_enable_content_width":"","neve_meta_content_width":0,"neve_meta_title_alignment":"left","neve_meta_author_avatar":"","neve_post_elements_order":"","neve_meta_disable_header":"off","neve_meta_disable_footer":"off","neve_meta_disable_title":"on","footnotes":""},"class_list":["post-435","page","type-page","status-publish","hentry"],"_links":{"self":[{"href":"https:\/\/linderodstra.se\/index.php?rest_route=\/wp\/v2\/pages\/435","targetHints":{"allow":["GET"]}}],"collection":[{"href":"https:\/\/linderodstra.se\/index.php?rest_route=\/wp\/v2\/pages"}],"about":[{"href":"https:\/\/linderodstra.se\/index.php?rest_route=\/wp\/v2\/types\/page"}],"author":[{"embeddable":true,"href":"https:\/\/linderodstra.se\/index.php?rest_route=\/wp\/v2\/users\/1"}],"replies":[{"embeddable":true,"href":"https:\/\/linderodstra.se\/index.php?rest_route=%2Fwp%2Fv2%2Fcomments&post=435"}],"version-history":[{"count":12,"href":"https:\/\/linderodstra.se\/index.php?rest_route=\/wp\/v2\/pages\/435\/revisions"}],"predecessor-version":[{"id":497,"href":"https:\/\/linderodstra.se\/index.php?rest_route=\/wp\/v2\/pages\/435\/revisions\/497"}],"wp:attachment":[{"href":"https:\/\/linderodstra.se\/index.php?rest_route=%2Fwp%2Fv2%2Fmedia&parent=435"}],"curies":[{"name":"wp","href":"https:\/\/api.w.org\/{rel}","templated":true}]}}